{"id":2823,"date":"2019-10-23T09:48:48","date_gmt":"2019-10-23T07:48:48","guid":{"rendered":"https:\/\/info.libreka.de\/?page_id=2823"},"modified":"2019-10-23T09:48:48","modified_gmt":"2019-10-23T07:48:48","slug":"hgv-endkundeninformation","status":"publish","type":"page","link":"https:\/\/info.libreka.de\/en\/hgv-endkundeninformation\/","title":{"rendered":"Endkundennutzungsbedingungen"},"content":{"rendered":"<div class=\"wpb-content-wrapper\"><p>[vc_row full_width=&#8221;stretch_row&#8221; css=&#8221;.vc_custom_1571816444218{margin-top: 0em !important;padding-bottom: 0em !important;background-color: #87ba17 !important;}&#8221;][vc_column][vc_column_text css=&#8221;.vc_custom_1571816727235{margin-top: 0em !important;margin-bottom: 0.75em !important;padding-top: 0em !important;padding-bottom: 0em !important;}&#8221;]<\/p>\n<h2><span style=\"color: #ffffff;\"><strong>Endkundennutzungsbedingungen und Datenschutzerkl\u00e4rung<\/strong><\/span><\/h2>\n<p>[\/vc_column_text][\/vc_column][\/vc_row][vc_row][vc_column][vc_column_text]Mit dem Kauf dieses E-Books erhalten Sie ein beschr\u00e4nktes Recht, E-Books herunterzuladen und zu benutzen gem\u00e4\u00df der nachfolgenden Bestimmungen:<\/p>\n<p><strong>1.Rechteeinr\u00e4umung:<\/strong><\/p>\n<p>Sie erhalten das Recht, die gekaufte elektronische Kopie des E-Books auf einem der \u00dcbertragung auf Leseendger\u00e4te dienenden Ger\u00e4t (Transfer Device), beispielsweise Ihrem Personal Computer oder einem ausschlie\u00dflich Ihnen zugewiesenen Speicherplatz auf einem Server oder innerhalb einer sogenannten \u201eCloud\u201c herunterzuladen und dort dauerhaft zu speichern, Sicherungskopien hiervon anzufertigen sowie bis zu h\u00f6chstens f\u00fcnf weitere, gleichzeitige elektronische Kopien der gekauften Kopie des E-Books zu erstellen, auf Leseendger\u00e4ten zu speichern und auf diesen Ger\u00e4ten bestimmungsgem\u00e4\u00df zu nutzen.<\/p>\n<p><strong>2. Einschr\u00e4nkungen:<\/strong><\/p>\n<p>Sie d\u00fcrfen dieses E-Book ausschlie\u00dflich zu privaten und nicht-gewerblichen Zwecken nutzen. Eine kostenlose Weitergabe des E-Books an und ein Zug\u00e4nglichmachen f\u00fcr Dritte ist ausschlie\u00dflich auf und zusammen mit dem Leseendger\u00e4t zu privaten und nicht gewerblichen Zwecken zul\u00e4ssig. Das \u00f6ffentliche Zug\u00e4nglich machen, das Weiterleiten, entgeltliche oder unentgeltliche Einstellen ins \u00f6ffentliche Internet oder in andere \u00f6ffentlich zug\u00e4ngliche Netze und Medien, der Weiterverkauf und jede Art der Nutzung zu kommerziellen Zwecken sind nicht zul\u00e4ssig. Es werden Ihnen keine weitergehenden Rechte zur Anfertigung von Vervielf\u00e4ltigungen als die in Ziffer 1 genannten einger\u00e4umt, insbesondere d\u00fcrfen Sie dieses E-Book nicht ganz oder teilweise ausdrucken oder l\u00e4ngeren Abschnitte oder das gesamte E-Book elektronisch im Wege des Copy &amp; Paste zitieren oder kopieren; auch erhalten Sie keine Rechte zur Nutzung einer Vorlesefunktion (sog. \u201eText-to-Speech\u201c). Eine weitergehende Nutzung, insbesondere eine weitere Vervielf\u00e4ltigung oder eine Verbreitung der gekauften elektronischen Kopie dieses E-Books sowie der von ihm erstellten elektronischen Kopien, ist nicht gestattet. Der Inhalt dieses E-Books darf von Ihnen vorbehaltlich abweichender zwingender gesetzlicher Regeln weder inhaltlich noch redaktionell ver\u00e4ndert werden. \u00c4nderungen an eventuell vom Verlag vorgenommenen Ma\u00dfnahmen zum Schutz der Urheberrechte (insbesondere DRM-Verschl\u00fcsselungen oder Wasserzeichen) sind nicht erlaubt.<\/p>\n<p><strong>3. Download \/ Re-Download:<\/strong><\/p>\n<p>Sie erhalten nur das Recht zum einmaligen Herunterladen (Download) der gekauften elektronischen Kopie des E-Books. Wir versuchen, Ihnen auch hiernach weitere Downloads nach dem ersten vollst\u00e4ndig erfolgten Download (Re-Downloads) zu erm\u00f6glichen, ein Anspruch hierauf besteht jedoch nicht.<\/p>\n<p><strong>4. DRM:<\/strong><\/p>\n<p>Falls dieses E-Book verlagsseitig mit einem System zum digitalen Rechtemanagement (DRM) verschl\u00fcsselt und individualisiert wurde, bestehen folgende zus\u00e4tzliche Einschr\u00e4nkungen:<br \/>\nSie k\u00f6nnen dieses E-Book nur mit einer zum eingesetzten DRM passenden Lese-Software (z.B. Adobe Digital Editions) nur auf solchen Leseendger\u00e4ten nutzen, die die vom Verlag vorgegebenen Verschl\u00fcsselungsmechanismen unterst\u00fctzen. Zur Nutzung des E-Books auf Leseendger\u00e4ten m\u00fcssen Sie diese zuvor in geeigneter Art und Weise aktivieren. Hierzu m\u00fcssen Sie sich ggf. vorab bei einem Dritten (z.B. Adobe Inc.) registrieren, um eine eindeutige ID f\u00fcr die Aktivierung zu erhalten. Hierf\u00fcr ist ggf. die Angabe personenbezogener Daten gegen\u00fcber Dritten erforderlich. Die Deaktivierung eines Transfer Devices oder Leseendger\u00e4tes ist jederzeit m\u00f6glich. Bei \u00dcbertragung des E-Books zu Ihnen wird das E-Book mittels einer eindeutigen ID individuell verschl\u00fcsselt und ist dadurch nur auf Ger\u00e4ten nutzbar, die mit dieser ID aktiviert wurden. Um ein E-Book zu kaufen, ben\u00f6tigen Sie in der Regel eine Internetverbindung, da der Download online abgewickelt wird. Auch zur Registrierung sowie zur Aktivierung und Deaktivierung von Leseendger\u00e4ten ist eine Internetverbindung n\u00f6tig. Nach der Aktivierung brauchen Sie zum Lesen des E-Books jedoch keine Internetverbindung mehr; das gilt auch f\u00fcr E-Books, die Sie auf ein Leseendger\u00e4t \u00fcbertragen haben.<\/p>\n<p><strong>5. Wasserzeichen:<\/strong><\/p>\n<p>Falls das E-Book verlagsseitig beim Download mit einem individuellen, nicht l\u00f6schbaren Wasserzeichen markiert wurde, gilt folgendes:<br \/>\nBeim Download wird das E-Book mit einem individuellen, nicht sichtbaren Code markiert, der eine eindeutige Zuordnung zum K\u00e4ufer erm\u00f6glicht. Der Verlag beh\u00e4lt sich im Falle einer missbr\u00e4uchlichen Nutzung des E-Books vor, vom Verk\u00e4ufer die Herausgabe Ihrer personenbezogenen Daten des K\u00e4ufers zu verlangen, um ggf. rechtliche Schritte einzuleiten.<\/p>\n<p><strong>6. Datenschutz:<\/strong><\/p>\n<p>Nur im Falle eines identifizierten Versto\u00dfes gegen diese Nutzungsbedingungen werden Ihre beim Verk\u00e4ufer gespeicherten personenbezogenen Daten mit den beim Verlag gespeicherten Daten verkn\u00fcpft; ferner ist der Verk\u00e4ufer verpflichtet, dem Verlag Ihre personenbezogenen Daten zu \u00fcbermitteln, falls der Einzug des Kaufpreises scheitert.Der Verlag speichert die IP-Adresse unter der der Download des E-Books erfolgt und ggf. weitere anonyme Nutzungsdaten. Die Registrierung, sowie die Aktivierung und Deaktivierung von Leseendger\u00e4ten erfolgt gem\u00e4\u00df der Datenschutzbestimmungen des jeweiligen Anbieters. Ihre personenbezogenen Daten werden im \u00dcbrigen nur zur Abwicklung der vertraglichen Leistungen genutzt und nur an hieran beteiligte Personen im erforderlichen Umfang weitergegeben.<\/p>\n<p><strong>7. Umtausch:<\/strong><\/p>\n<p>Sie k\u00f6nnen ein gekauftes E-Book nicht umtauschen oder zur\u00fcckgeben, au\u00dfer, es liegt ein Gew\u00e4hrleistungsfall gem\u00e4\u00df Ziffer 8 vor. E-Books gelten gesetzlich als Waren, die aufgrund ihrer Beschaffenheit nicht f\u00fcr eine R\u00fccksendung geeignet sind. Wie bei Film-, Musik- oder Softwaredownloads sind auch elektronische B\u00fccher vom Widerrufsrecht ausgeschlossen. Dies beschr\u00e4nkt nicht Ihre gesetzlichen Gew\u00e4hrleistungsrechte im Falle von M\u00e4ngeln.<\/p>\n<p><strong>8. Gew\u00e4hrleistung:<\/strong><\/p>\n<p>Gelingt der erstmalige Download des E-Books nicht, nicht vollst\u00e4ndig oder nicht fehlerfrei oder liegt nach erfolgreichem, vollst\u00e4ndigem und fehlerfreiem Download ein Mangel des E-Books vor, k\u00f6nnen Sie Nacherf\u00fcllung entweder durch M\u00e4ngelbeseitigung oder durch Ersatzlieferung verlangen. Ist die von Ihnen gew\u00e4hlte Art der Nacherf\u00fcllung unverh\u00e4ltnism\u00e4\u00dfig, kann alternativ eine andere Art der Nacherf\u00fcllung gew\u00e4hlt werden. Ist auch diese Nacherf\u00fcllung unverh\u00e4ltnism\u00e4\u00dfig, nicht m\u00f6glich, verz\u00f6gert sich diese \u00fcber angemessene Fristen hinaus oder schl\u00e4gt die Nacherf\u00fcllung in sonstiger Weise fehl, sind Sie nach Ihrer Wahl berechtigt, vom Vertrag zur\u00fcckzutreten oder eine Minderung des Kaufpreises zu verlangen.<br \/>\nBitte richten Sie alle Gew\u00e4hrleistungsanfragen an die HGV [Hanseatische Gesellschaft f\u00fcr Verlagsservice mbH, <a href=\"http:\/\/www.hgv-online.de\">www.hgv-online.de<\/a>, E-Mail: <a href=\"mailto:acs4operator@hgv-online.de\">acs4operator@hgv-online.de<\/a>, Tel. +49 (0)40 840008154.], welche die Abwicklung von Gew\u00e4hrleistungsf\u00e4llen \u00fcbernimmt.<\/p>\n<p><strong>9. Haftung:<\/strong><\/p>\n<p>Eine \u00fcber Ziffer 8 hinausgehende Haftung des Verk\u00e4ufers und des Verlags sind ohne R\u00fccksicht auf die Rechtsnatur des geltend gemachten Anspruchs ausgeschlossen, soweit sie nur auf leichter Fahrl\u00e4ssigkeit beruht. Der vorstehend genannte Haftungsausschluss gilt nicht f\u00fcr den Fall der Verletzung einer Garantie oder einer vertragswesentlichen Pflicht sowie bei einem Versto\u00df gegen das Produkthaftungsgesetz oder beim Fehlen einer garantierten Beschaffenheit. Bei Verletzung einer vertragswesentlichen Pflicht ist die Haftung jedoch auf den typischerweise voraussehbaren Schaden begrenzt. Der Haftungsausschluss und die Haftungsbegrenzung gelten nicht bei einer Verletzung des Lebens, des K\u00f6rpers oder der Gesundheit.<\/p>\n<p><strong>10. Rechtswahl:<\/strong><\/p>\n<p>Es gilt deutsches Recht unter Ausschluss des UN-Kaufrechts, auch wenn aus dem Ausland oder in das Ausland bestellt oder geliefert wird.[\/vc_column_text][\/vc_column][\/vc_row]<\/p>\n<\/div>","protected":false},"excerpt":{"rendered":"<p>[vc_row full_width=&#8221;stretch_row&#8221; css=&#8221;.vc_custom_1571816444218{margin-top: 0em !important;padding-bottom: 0em !important;background-color: #87ba17 !important;}&#8221;][vc_column][vc_column_text css=&#8221;.vc_custom_1571816727235{margin-top: 0em !important;margin-bottom: 0.75em !important;padding-top: 0em !important;padding-bottom: 0em !important;}&#8221;] Endkundennutzungsbedingungen und Datenschutzerkl\u00e4rung [\/vc_column_text][\/vc_column][\/vc_row][vc_row][vc_column][vc_column_text]Mit dem Kauf dieses E-Books erhalten Sie ein beschr\u00e4nktes Recht, E-Books herunterzuladen und zu benutzen gem\u00e4\u00df der nachfolgenden Bestimmungen:<\/p>\n","protected":false},"author":1,"featured_media":0,"parent":0,"menu_order":0,"comment_status":"closed","ping_status":"closed","template":"","meta":{"footnotes":""},"class_list":["post-2823","page","type-page","status-publish","hentry","","tg-column-two"],"translation":{"provider":"WPGlobus","version":"3.0.0","language":"en","enabled_languages":["de","en"],"languages":{"de":{"title":true,"content":true,"excerpt":false},"en":{"title":false,"content":false,"excerpt":false}}},"_links":{"self":[{"href":"https:\/\/info.libreka.de\/en\/wp-json\/wp\/v2\/pages\/2823","targetHints":{"allow":["GET"]}}],"collection":[{"href":"https:\/\/info.libreka.de\/en\/wp-json\/wp\/v2\/pages"}],"about":[{"href":"https:\/\/info.libreka.de\/en\/wp-json\/wp\/v2\/types\/page"}],"author":[{"embeddable":true,"href":"https:\/\/info.libreka.de\/en\/wp-json\/wp\/v2\/users\/1"}],"replies":[{"embeddable":true,"href":"https:\/\/info.libreka.de\/en\/wp-json\/wp\/v2\/comments?post=2823"}],"version-history":[{"count":12,"href":"https:\/\/info.libreka.de\/en\/wp-json\/wp\/v2\/pages\/2823\/revisions"}],"predecessor-version":[{"id":2835,"href":"https:\/\/info.libreka.de\/en\/wp-json\/wp\/v2\/pages\/2823\/revisions\/2835"}],"wp:attachment":[{"href":"https:\/\/info.libreka.de\/en\/wp-json\/wp\/v2\/media?parent=2823"}],"curies":[{"name":"wp","href":"https:\/\/api.w.org\/{rel}","templated":true}]}}